{"id":28845,"date":"2021-07-26T03:24:53","date_gmt":"2021-07-26T07:24:53","guid":{"rendered":"https:\/\/rparadalillo.com\/?page_id=28845"},"modified":"2023-09-27T15:20:21","modified_gmt":"2023-09-27T18:20:21","slug":"home","status":"publish","type":"page","link":"https:\/\/rparadalillo.com\/home\/","title":{"rendered":"Home"},"content":{"rendered":"<p>[et_pb_section fb_built=\u00bb1&#8243; _builder_version=\u00bb4.9.10&#8243; _module_preset=\u00bbdefault\u00bb use_background_color_gradient=\u00bbon\u00bb background_color_gradient_start=\u00bb#722616&#8243; background_color_gradient_end=\u00bb#047061&#8243;][et_pb_row column_structure=\u00bb2_3,1_3&#8243; _builder_version=\u00bb4.9.10&#8243; _module_preset=\u00bbdefault\u00bb][et_pb_column type=\u00bb2_3&#8243; _builder_version=\u00bb4.9.10&#8243; _module_preset=\u00bbdefault\u00bb][et_pb_blurb title=\u00bbAQUI ESTAMOS Bienvenido al sitio personal de RODOLFO PARADA-LILLO\u00bb use_icon=\u00bbon\u00bb _builder_version=\u00bb4.9.10&#8243; _module_preset=\u00bbdefault\u00bb header_level=\u00bbh1&#8243; header_font=\u00bbFira Sans|700|||||||\u00bb header_text_color=\u00bb#FFFFFF\u00bb header_font_size=\u00bb44px\u00bb header_letter_spacing=\u00bb3px\u00bb header_line_height=\u00bb1.4em\u00bb body_font=\u00bbFira Sans|300|||||||\u00bb body_text_color=\u00bb#FFFFFF\u00bb body_font_size=\u00bb21px\u00bb animation_style=\u00bbfold\u00bb]<\/p>\n<p>Bienvenue au site personnel de Rodolfo Parada-Lillo.<\/p>\n<p>Welcome to the personal site of Rodolfo Parada-Lillo.<\/p>\n<p>[\/et_pb_blurb][\/et_pb_column][et_pb_column type=\u00bb1_3&#8243; _builder_version=\u00bb4.9.10&#8243; _module_preset=\u00bbdefault\u00bb][et_pb_image src=\u00bbhttp:\/\/rparadalillo.com\/wp-content\/uploads\/2021\/07\/rodolfo01.png\u00bb title_text=\u00bbrodolfo01&#8243; _builder_version=\u00bb4.9.10&#8243; _module_preset=\u00bbdefault\u00bb animation_style=\u00bbfade\u00bb animation_duration=\u00bb1750ms\u00bb][\/et_pb_image][\/et_pb_column][\/et_pb_row][\/et_pb_section][et_pb_section fb_built=\u00bb1&#8243; fullwidth=\u00bbon\u00bb _builder_version=\u00bb4.9.10&#8243; _module_preset=\u00bbdefault\u00bb background_color=\u00bb#000000&#8243;][\/et_pb_section][et_pb_section fb_built=\u00bb1&#8243; _builder_version=\u00bb4.9.10&#8243; _module_preset=\u00bbdefault\u00bb][et_pb_row _builder_version=\u00bb4.9.10&#8243; _module_preset=\u00bbdefault\u00bb][et_pb_column _builder_version=\u00bb4.9.10&#8243; _module_preset=\u00bbdefault\u00bb type=\u00bb4_4&#8243;][et_pb_post_slider _builder_version=\u00bb4.9.10&#8243; _module_preset=\u00bbdefault\u00bb include_categories=\u00bball\u00bb hover_enabled=\u00bb0&#8243; sticky_enabled=\u00bb0&#8243;][\/et_pb_post_slider][\/et_pb_column][\/et_pb_row][\/et_pb_section][et_pb_section fb_built=\u00bb1&#8243; _builder_version=\u00bb4.9.10&#8243; _module_preset=\u00bbdefault\u00bb][et_pb_row column_structure=\u00bb1_2,1_2&#8243; _builder_version=\u00bb4.9.10&#8243; _module_preset=\u00bbdefault\u00bb][et_pb_column type=\u00bb1_2&#8243; _builder_version=\u00bb4.9.10&#8243; _module_preset=\u00bbdefault\u00bb][et_pb_image src=\u00bbhttp:\/\/rparadalillo.com\/wp-content\/uploads\/2021\/07\/diario01.jpg\u00bb title_text=\u00bbdiario01&#8243; _builder_version=\u00bb4.9.10&#8243; _module_preset=\u00bbdefault\u00bb][\/et_pb_image][\/et_pb_column][et_pb_column type=\u00bb1_2&#8243; _builder_version=\u00bb4.9.10&#8243; _module_preset=\u00bbdefault\u00bb][et_pb_text _builder_version=\u00bb4.9.10&#8243; _module_preset=\u00bbdefault\u00bb]<\/p>\n<p>Lea aqu\u00ed publicaci\u00f3n sobre la Nueva Canci\u00f3n Chilena, en Revista Patrimonio Cultural.<\/p>\n<p>&nbsp;<\/p>\n<p><a href=\"http:\/\/rparadalillo.com\/wp-content\/uploads\/2021\/07\/2009.01.30_revpatrimcult_n_49_extractoRPL_5pp-1.pdf\" target=\"_blank\" rel=\"noopener\"><strong>Para bajar archivo en PDF, haga clic aqu\u00ed.<\/strong><\/a><\/p>\n<p>[\/et_pb_text][\/et_pb_column][\/et_pb_row][et_pb_row column_structure=\u00bb1_4,1_2,1_4&#8243; _builder_version=\u00bb4.9.10&#8243; _module_preset=\u00bbdefault\u00bb][et_pb_column type=\u00bb1_4&#8243; _builder_version=\u00bb4.9.10&#8243; _module_preset=\u00bbdefault\u00bb][et_pb_image src=\u00bbhttp:\/\/rparadalillo.com\/wp-content\/uploads\/2021\/07\/diario02.jpg\u00bb title_text=\u00bbdiario02&#8243; _builder_version=\u00bb4.9.10&#8243; _module_preset=\u00bbdefault\u00bb][\/et_pb_image][\/et_pb_column][et_pb_column type=\u00bb1_2&#8243; _builder_version=\u00bb4.9.10&#8243; _module_preset=\u00bbdefault\u00bb][et_pb_image src=\u00bbhttp:\/\/rparadalillo.com\/wp-content\/uploads\/2021\/07\/diario03-scaled.jpg\u00bb title_text=\u00bbdiario03&#8243; _builder_version=\u00bb4.9.10&#8243; _module_preset=\u00bbdefault\u00bb][\/et_pb_image][\/et_pb_column][et_pb_column type=\u00bb1_4&#8243; _builder_version=\u00bb4.9.10&#8243; _module_preset=\u00bbdefault\u00bb][et_pb_image src=\u00bbhttp:\/\/rparadalillo.com\/wp-content\/uploads\/2021\/07\/diario04.jpg\u00bb title_text=\u00bbdiario04&#8243; _builder_version=\u00bb4.9.10&#8243; _module_preset=\u00bbdefault\u00bb][\/et_pb_image][\/et_pb_column][\/et_pb_row][\/et_pb_section][et_pb_section fb_built=\u00bb1&#8243; _builder_version=\u00bb4.9.10&#8243; _module_preset=\u00bbdefault\u00bb use_background_color_gradient=\u00bbon\u00bb background_color_gradient_end=\u00bb#0a0202&#8243;][et_pb_row column_structure=\u00bb1_2,1_2&#8243; _builder_version=\u00bb4.9.10&#8243; _module_preset=\u00bbdefault\u00bb][et_pb_column type=\u00bb1_2&#8243; _builder_version=\u00bb4.9.10&#8243; _module_preset=\u00bbdefault\u00bb][et_pb_image src=\u00bbhttp:\/\/rparadalillo.com\/wp-content\/uploads\/2022\/10\/Lillo-maqueta-01.jpg\u00bb title_text=\u00bbLillo maqueta 01&#8243; _builder_version=\u00bb4.9.10&#8243; _module_preset=\u00bbdefault\u00bb][\/et_pb_image][\/et_pb_column][et_pb_column type=\u00bb1_2&#8243; _builder_version=\u00bb4.9.10&#8243; _module_preset=\u00bbdefault\u00bb][et_pb_text _builder_version=\u00bb4.9.10&#8243; _module_preset=\u00bbdefault\u00bb inline_fonts=\u00bbAbel\u00bb]<\/p>\n<h3><span style=\"color: #ffffff;\"><strong><span style=\"font-family: Abel;\">En preparaci\u00f3n, disco de Lillo (es Rodolfo Parada) \u00abTout y yo\u00bb.<\/span><\/strong><\/span><\/h3>\n<h3><span style=\"color: #ffffff;\"><strong><span style=\"font-family: Abel;\">En proyecto para 2023.<\/span><\/strong><\/span><\/h3>\n<p>[\/et_pb_text][et_pb_image src=\u00bbhttp:\/\/rparadalillo.com\/wp-content\/uploads\/2022\/10\/Lillo-maqueta-02.jpg\u00bb title_text=\u00bbLillo maqueta 02&#8243; _builder_version=\u00bb4.9.10&#8243; _module_preset=\u00bbdefault\u00bb custom_padding=\u00bb|126px||||\u00bb][\/et_pb_image][\/et_pb_column][\/et_pb_row][\/et_pb_section]<\/p>\n","protected":false},"excerpt":{"rendered":"<p>AQUI ESTAMOS Bienvenido al sitio personal de RODOLFO PARADA-LILLO Bienvenue au site personnel de Rodolfo Parada-Lillo. Welcome to the personal site of Rodolfo Parada-Lillo. \u00abAqu\u00ed estamos\u00bb video por Rodolfo Parada Lillo | septiembre 27, 2023 | Uncategorized | 0 Comentariohttps:\/\/youtu.be\/1Y41UHWCCws?si=EqbxZc8EuUnFMC5w Leer m\u00e1s Comparaci\u00f3n entre la propuesta de Nueva Constituci\u00f3n y la de 1980 por Musico [&hellip;]<\/p>\n","protected":false},"author":1,"featured_media":0,"parent":0,"menu_order":0,"comment_status":"closed","ping_status":"closed","template":"","meta":{"_et_pb_use_builder":"on","_et_pb_old_content":"","_et_gb_content_width":""},"_links":{"self":[{"href":"https:\/\/rparadalillo.com\/home\/wp-json\/wp\/v2\/pages\/28845"}],"collection":[{"href":"https:\/\/rparadalillo.com\/home\/wp-json\/wp\/v2\/pages"}],"about":[{"href":"https:\/\/rparadalillo.com\/home\/wp-json\/wp\/v2\/types\/page"}],"author":[{"embeddable":true,"href":"https:\/\/rparadalillo.com\/home\/wp-json\/wp\/v2\/users\/1"}],"replies":[{"embeddable":true,"href":"https:\/\/rparadalillo.com\/home\/wp-json\/wp\/v2\/comments?post=28845"}],"version-history":[{"count":11,"href":"https:\/\/rparadalillo.com\/home\/wp-json\/wp\/v2\/pages\/28845\/revisions"}],"predecessor-version":[{"id":28937,"href":"https:\/\/rparadalillo.com\/home\/wp-json\/wp\/v2\/pages\/28845\/revisions\/28937"}],"wp:attachment":[{"href":"https:\/\/rparadalillo.com\/home\/wp-json\/wp\/v2\/media?parent=28845"}],"curies":[{"name":"wp","href":"https:\/\/api.w.org\/{rel}","templated":true}]}}